{"id":359,"date":"2020-10-22T07:18:32","date_gmt":"2020-10-22T05:18:32","guid":{"rendered":"https:\/\/www.kemp-engineering.de\/?page_id=359"},"modified":"2020-10-22T10:36:17","modified_gmt":"2020-10-22T08:36:17","slug":"foerderungen","status":"publish","type":"page","link":"https:\/\/www.kemp-engineering.de\/?page_id=359","title":{"rendered":"F\u00f6rderung"},"content":{"rendered":"<div id=\"pl-359\"  class=\"panel-layout\" ><div id=\"pg-359-0\"  class=\"panel-grid panel-no-style\" ><div id=\"pgc-359-0-0\"  class=\"panel-grid-cell\" ><div id=\"panel-359-0-0-0\" class=\"so-panel widget widget_media_image panel-first-child panel-last-child\" data-index=\"0\" ><img width=\"181\" height=\"106\" src=\"https:\/\/www.kemp-engineering.de\/wp-content\/uploads\/2020\/10\/BAFA-Logo.png\" class=\"image wp-image-340  attachment-full size-full\" alt=\"\" loading=\"lazy\" style=\"max-width: 100%; height: auto;\" \/><\/div><\/div><div id=\"pgc-359-0-1\"  class=\"panel-grid-cell\" ><div id=\"panel-359-0-1-0\" class=\"so-panel widget widget_text panel-first-child\" data-index=\"1\" ><h3 class=\"widget-title\">BAFA F\u00f6rderung<\/h3>\t\t\t<div class=\"textwidget\"><div id=\"pl-gb335-5f911599e6a3e\" class=\"panel-layout\">\n<div id=\"pg-gb335-5f911599e6a3e-0\" class=\"panel-grid panel-no-style\">\n<div id=\"pgc-gb335-5f911599e6a3e-0-1\" class=\"panel-grid-cell\">\n<div id=\"panel-gb335-5f911599e6a3e-0-1-0\" class=\"so-panel widget widget_text panel-first-child panel-last-child\" data-index=\"1\">\n<div class=\"textwidget\">\n<p>Die Bundesf\u00f6rderung f\u00fcr Energieberatung f\u00fcr Wohngeb\u00e4ude (EBW) tr\u00e4gt zur Umsetzung der energie- und klimapolitischen Ziele der Bundesregierung bei, insbesondere bis 2050 einen nahezu klimaneutralen Geb\u00e4udebestand zu erreichen. Eine qualifizierte Energieberatung f\u00fcr Wohngeb\u00e4ude soll Immobilienbesitzern einen sinnvollen Weg aufzeigen, wie sie die Energieeffizienz ihres Geb\u00e4udes verbessern k\u00f6nnen.<\/p>\n<div class=\"abstract\">\n<p>Eine Energieberatung soll Ihnen als Immobilienbesitzer einen sinnvollen Weg aufzeigen, wie sie die Energieeffizienz ihres Wohngeb\u00e4udes verbessern k\u00f6nnen. Durch eine energetische Sanierung k\u00f6nnen in aller Regel Energie und Treibhausgase eingespart werden. Eine Energieberatung f\u00fcr Wohngeb\u00e4ude wird deshalb vom Bund gef\u00f6rdert.<\/p>\n<\/div>\n<p>Im Rahmen einer Energieberatung f\u00fcr Wohngeb\u00e4ude zeigt Ihnen ein Energieberater, wie Sie Energie sparen k\u00f6nnen. Der Energieberater ermittelt vor Ort den energetischen Zustand Ihres Wohngeb\u00e4udes. Auf dieser Grundlage erstellt er f\u00fcr Sie ein passendes Sanierungskonzept. Er schl\u00e4gt Ihnen also vor, wie Sie Ihr Wohngeb\u00e4ude modernisieren k\u00f6nnen, um den Energiebedarf zu senken. Der Energieberater weist auch darauf hin, welche F\u00f6rdermittel Sie beantragen k\u00f6nnen. Die Ergebnisse fasst er in einem schriftlichen Energieberatungsbericht zusammen, den er Ihnen aush\u00e4ndigt und in einem Abschlussgespr\u00e4ch erl\u00e4utert.<\/p>\n<p>Der Zuschuss wird an den Energieberater gezahlt. Dieser ist aber verpflichtet, Ihnen ein um den Zuschuss erm\u00e4\u00dfigtes Beratungshonorar in Rechnung zu stellen.<\/p>\n<\/div>\n<\/div>\n<\/div>\n<\/div>\n<\/div>\n<\/div>\n\t\t<\/div><div id=\"panel-359-0-1-1\" class=\"so-panel widget widget_text panel-last-child\" data-index=\"2\" >\t\t\t<div class=\"textwidget\"><div class=\"textwidget\">\n<p><strong>Zielgruppen<\/strong><\/p>\n<p>Das Angebot einer Energieberatung f\u00fcr Wohngeb\u00e4ude richtet sich an:<\/p>\n<ul>\n<li>Eigent\u00fcmer von Wohgeb\u00e4uden<\/li>\n<li>Wohnungseigent\u00fcmergemeinschaften<\/li>\n<li>Nie\u00dfbrauchberechtigte<\/li>\n<li>Mieter\/P\u00e4chter<\/li>\n<\/ul>\n<p><strong>Voraussetzungen<\/strong><\/p>\n<p>Eine gef\u00f6rderte Energieberatung k\u00f6nnen Sie nur in Anspruch nehmen, wenn<\/p>\n<ul>\n<li>Ihr Geb\u00e4ude in Deutschland steht,<\/li>\n<li>der Bauantrag f\u00fcr das Wohngeb\u00e4ude mindestens zehn Jahre zur\u00fcckliegt,<\/li>\n<li>das Geb\u00e4ude \u00fcberwiegend dem Wohnen dient.<\/li>\n<\/ul>\n<p><strong>F\u00f6rderh\u00f6he<\/strong><\/p>\n<p>Zuschuss in H\u00f6he von 80 % des zuwendungsf\u00e4higen Beratungshonorars, maximal 1.300 Euro bei Ein- und Zweifamilienh\u00e4usern und maximal 1.700 Euro bei Wohnh\u00e4usern mit mindestens drei Wohneinheiten.<\/p>\n<p>Zuschuss in H\u00f6he von maximal 500 Euro f\u00fcr zus\u00e4tzliche Erl\u00e4uterung eines Energieberatungsberichts in Wohnungseigent\u00fcmerversammlung oder Beiratssitzung.<\/p>\n<p>Bitte beachten Sie, dass die F\u00f6rderung nicht an den Beratenen, sondern an den Energieberater ausgezahlt wird. Der Berater ist jedoch verpflichtet, den Zuschuss mit seinem Beratungshonorar zu verrechnen.<\/p>\n<\/div>\n<\/div>\n\t\t<\/div><\/div><\/div><div id=\"pg-359-1\"  class=\"panel-grid panel-no-style\" ><div id=\"pgc-359-1-0\"  class=\"panel-grid-cell\" ><div id=\"panel-359-1-0-0\" class=\"so-panel widget widget_media_image panel-first-child panel-last-child\" data-index=\"3\" ><a href=\"https:\/\/www.kfw.de\/kfw.de.html\"><img width=\"300\" height=\"150\" src=\"https:\/\/www.kemp-engineering.de\/wp-content\/uploads\/2020\/10\/kfw_logo_1200-600-300x150.png\" class=\"image wp-image-391  attachment-medium size-medium\" alt=\"\" loading=\"lazy\" style=\"max-width: 100%; height: auto;\" srcset=\"https:\/\/www.kemp-engineering.de\/wp-content\/uploads\/2020\/10\/kfw_logo_1200-600-300x150.png 300w, https:\/\/www.kemp-engineering.de\/wp-content\/uploads\/2020\/10\/kfw_logo_1200-600-1024x512.png 1024w, https:\/\/www.kemp-engineering.de\/wp-content\/uploads\/2020\/10\/kfw_logo_1200-600-768x384.png 768w, https:\/\/www.kemp-engineering.de\/wp-content\/uploads\/2020\/10\/kfw_logo_1200-600-960x480.png 960w, https:\/\/www.kemp-engineering.de\/wp-content\/uploads\/2020\/10\/kfw_logo_1200-600.png 1200w\" sizes=\"(max-width: 300px) 100vw, 300px\" \/><\/a><\/div><\/div><div id=\"pgc-359-1-1\"  class=\"panel-grid-cell\" ><div id=\"panel-359-1-1-0\" class=\"so-panel widget widget_text panel-first-child\" data-index=\"4\" ><h3 class=\"widget-title\">Energieeffizient Sanieren f\u00fcr Privatpersonen<\/h3>\t\t\t<div class=\"textwidget\"><p>Ihr Haus oder Ihre Wohnung ist in die Jahre gekommen? Oder haben Sie gerade eine alte Immobilie gekauft? Dann kann es sich lohnen, energetisch zu sanieren und daf\u00fcr <a href=\"https:\/\/www.kfw.de\/inlandsfoerderung\/Privatpersonen\/Bestandsimmobilien\/Energetische-Sanierung\/\">F\u00f6rdermittel zu beantragen<\/a>.<\/p>\n<\/div>\n\t\t<\/div><div id=\"panel-359-1-1-1\" class=\"so-panel widget widget_text panel-last-child\" data-index=\"5\" ><h3 class=\"widget-title\">F\u00f6rderungen f\u00fcr Unternehmen<\/h3>\t\t\t<div class=\"textwidget\"><p>Der schonende Umgang mit Energie und unserer Umwelt ist l\u00e4ngst zum Erfolgsfaktor geworden. Die Kreditanstalt f\u00fcr Wiederaufbau (KfW) unterst\u00fctzt den Mittelstand und gro\u00dfe Unternehmen dabei, nachhaltig zu investieren und voranzugehen. <a href=\"https:\/\/www.kfw.de\/inlandsfoerderung\/Unternehmen\/Energie-Umwelt\/\">N\u00e4here Informationen erhalten Sie auf den Seiten der\u00a0KfW<\/a>.<\/p>\n<\/div>\n\t\t<\/div><\/div><\/div><\/div>","protected":false},"excerpt":{"rendered":"<p>Die Bundesf\u00f6rderung f\u00fcr Energieberatung f\u00fcr Wohngeb\u00e4ude (EBW) tr\u00e4gt zur Umsetzung der energie- und klimapolitischen Ziele der Bundesregierung bei, insbesondere bis 2050 einen nahezu klimaneutralen Geb\u00e4udebestand zu erreichen. Eine qualifizierte Energieberatung f\u00fcr Wohngeb\u00e4ude soll Immobilienbesitzern einen sinnvollen Weg aufzeigen, wie sie die Energieeffizienz ihres Geb\u00e4udes verbessern k\u00f6nnen. Eine Energieberatung soll Ihnen als Immobilienbesitzer einen sinnvollen Weg [&hellip;]<\/p>\n","protected":false},"author":1,"featured_media":0,"parent":118,"menu_order":1,"comment_status":"closed","ping_status":"closed","template":"templates\/template-full.php","meta":[],"_links":{"self":[{"href":"https:\/\/www.kemp-engineering.de\/index.php?rest_route=\/wp\/v2\/pages\/359"}],"collection":[{"href":"https:\/\/www.kemp-engineering.de\/index.php?rest_route=\/wp\/v2\/pages"}],"about":[{"href":"https:\/\/www.kemp-engineering.de\/index.php?rest_route=\/wp\/v2\/types\/page"}],"author":[{"embeddable":true,"href":"https:\/\/www.kemp-engineering.de\/index.php?rest_route=\/wp\/v2\/users\/1"}],"replies":[{"embeddable":true,"href":"https:\/\/www.kemp-engineering.de\/index.php?rest_route=%2Fwp%2Fv2%2Fcomments&post=359"}],"version-history":[{"count":36,"href":"https:\/\/www.kemp-engineering.de\/index.php?rest_route=\/wp\/v2\/pages\/359\/revisions"}],"predecessor-version":[{"id":434,"href":"https:\/\/www.kemp-engineering.de\/index.php?rest_route=\/wp\/v2\/pages\/359\/revisions\/434"}],"up":[{"embeddable":true,"href":"https:\/\/www.kemp-engineering.de\/index.php?rest_route=\/wp\/v2\/pages\/118"}],"wp:attachment":[{"href":"https:\/\/www.kemp-engineering.de\/index.php?rest_route=%2Fwp%2Fv2%2Fmedia&parent=359"}],"curies":[{"name":"wp","href":"https:\/\/api.w.org\/{rel}","templated":true}]}}