{"id":27,"date":"2020-10-05T09:54:29","date_gmt":"2020-10-05T07:54:29","guid":{"rendered":"http:\/\/www.kemp-engineering.de\/?page_id=27"},"modified":"2020-10-22T16:31:05","modified_gmt":"2020-10-22T14:31:05","slug":"home","status":"publish","type":"page","link":"https:\/\/www.kemp-engineering.de\/","title":{"rendered":"Home"},"content":{"rendered":"<div id=\"pl-gb27-6a07c7291cae1\"  class=\"panel-layout\" ><div id=\"pg-gb27-6a07c7291cae1-0\"  class=\"panel-grid panel-no-style\" ><div id=\"pgc-gb27-6a07c7291cae1-0-0\"  class=\"panel-grid-cell\" ><div id=\"panel-gb27-6a07c7291cae1-0-0-0\" class=\"so-panel widget widget_text panel-first-child panel-last-child\" data-index=\"0\" ><h3 class=\"widget-title\">Leistungen<\/h3>\t\t\t<div class=\"textwidget\"><\/div>\n\t\t<\/div><\/div><div id=\"pgc-gb27-6a07c7291cae1-0-1\"  class=\"panel-grid-cell\" ><div id=\"panel-gb27-6a07c7291cae1-0-1-0\" class=\"so-panel widget widget_text panel-first-child panel-last-child\" data-index=\"1\" ><h3 class=\"widget-title\">Optimierung Ihres Energiebedarfes<\/h3>\t\t\t<div class=\"textwidget\"><ul class=\"pp-icon-list-items pp-list-type-icon\">\n<li class=\"pp-icon-list-item pp-icon-list-item-0\"><span class=\"pp-list-item-text\">TGA- Planung und Energieeffizienz<\/span><\/li>\n<li class=\"pp-icon-list-item pp-icon-list-item-1\"><span class=\"pp-list-item-text\">Planung erneuerbarer Energien und Wasserstofftechnik<\/span><\/li>\n<li class=\"pp-icon-list-item pp-icon-list-item-2\"><span class=\"pp-list-item-text\">Planung von Neubau- und Sanierungsprojekten<\/span><\/li>\n<li class=\"pp-icon-list-item pp-icon-list-item-3\"><span class=\"pp-list-item-text\">Baubegleitung und Erstellung von KWK- K\u00e4lte- Klima- und L\u00fcftungskonzepten<\/span><\/li>\n<li class=\"pp-icon-list-item pp-icon-list-item-4\"><span class=\"pp-list-item-text\">Geb\u00e4udeenergieberatung f\u00fcr Wohngeb\u00e4ude und Nichtwohngeb\u00e4ude DIN V 18599<\/span><\/li>\n<li class=\"pp-icon-list-item pp-icon-list-item-5\"><span class=\"pp-list-item-text\">Industriegutachten nach DIN EN 16247<\/span><\/li>\n<\/ul>\n<p>&nbsp;<\/p>\n<\/div>\n\t\t<\/div><\/div><\/div><\/div>\n\n<div id=\"pl-gb27-6a07c7291d1dd\"  class=\"panel-layout\" ><div id=\"pg-gb27-6a07c7291d1dd-0\"  class=\"panel-grid panel-no-style\" ><div id=\"pgc-gb27-6a07c7291d1dd-0-0\"  class=\"panel-grid-cell\" ><div id=\"panel-gb27-6a07c7291d1dd-0-0-0\" class=\"so-panel widget widget_text panel-first-child panel-last-child\" data-index=\"0\" ><h3 class=\"widget-title\">Energieberatung<\/h3>\t\t\t<div class=\"textwidget\"><\/div>\n\t\t<\/div><\/div><div id=\"pgc-gb27-6a07c7291d1dd-0-1\"  class=\"panel-grid-cell\" ><div id=\"panel-gb27-6a07c7291d1dd-0-1-0\" class=\"so-panel widget widget_text panel-first-child panel-last-child\" data-index=\"1\" ><h3 class=\"widget-title\">F\u00fcr Unternehmen und Privatpersonen<\/h3>\t\t\t<div class=\"textwidget\"><p>Geb\u00e4udeenergieberatung Wohngeb\u00e4ude<span class=\"gmail_default\"> &#8211; wir bieten Ihnen von der Planungsphase \u00fcber die Baubegleitung, bis hin zur Best\u00e4tigung der Umsetzung alle g\u00e4ngigen Dienstleistungen, die von EnEV, KfW und BAFA gefordert und gef\u00f6rdert werden. <\/span><\/p>\n<p><span class=\"gmail_default\">Sie m\u00f6chten neu bauen? Haben einen Altbau gekauft und m\u00f6chten wissen welche Sanierungsma\u00dfnahmen sinnvoll sind und welche F\u00f6rderungen es gibt? <\/span>Sie m\u00f6chten Ihre eigene Immobilie ausbauen, umbauen, Fenster, Dach oder Au\u00dfenwand sanieren?<\/p>\n<p><strong><span class=\"gmail_default\">Als zertifizierter <a href=\"https:\/\/www.kemp-engineering.de\/?page_id=347\">Geb\u00e4udeenergieberater<\/a> begleiten wir Sie gerne bei all diesen Ma\u00dfnahmen.<\/span><\/strong><\/p>\n<p>&nbsp;<\/p>\n<\/div>\n\t\t<\/div><\/div><\/div><\/div>\n\n<div id=\"pl-gb27-6a07c7291d41d\"  class=\"panel-layout\" ><div id=\"pg-gb27-6a07c7291d41d-0\"  class=\"panel-grid panel-no-style\" ><div id=\"pgc-gb27-6a07c7291d41d-0-0\"  class=\"panel-grid-cell\" ><div id=\"panel-gb27-6a07c7291d41d-0-0-0\" class=\"so-panel widget widget_text panel-first-child panel-last-child\" data-index=\"0\" ><h3 class=\"widget-title\">Am Puls der Zeit<\/h3>\t\t\t<div class=\"textwidget\"><\/div>\n\t\t<\/div><\/div><div id=\"pgc-gb27-6a07c7291d41d-0-1\"  class=\"panel-grid-cell\" ><div id=\"panel-gb27-6a07c7291d41d-0-1-0\" class=\"so-panel widget widget_text panel-first-child panel-last-child\" data-index=\"1\" ><h3 class=\"widget-title\">Mit Erfahrung und Leidenschaft im Energiesektor<\/h3>\t\t\t<div class=\"textwidget\"><p><span class=\"gmail_default\">Im Energiesektor bringen wir besondere Erfahrung und Leidenschaft mit: Projekte, vom kleinen Bungalow bis zum gro\u00dfen <a href=\"https:\/\/www.kemp-engineering.de\/?page_id=236\">Hightech B\u00fcrotower<\/a>, von der kleinen KWK- Industrieanlage bis hin zu gro\u00dfen industriellen Blockheizkraftwerken, KWK- betriebene Nahw\u00e4rmenetze f\u00fcr ganze St\u00e4dte und Gemeinden und sogar bis in die Kraftwerksplanung mit Solarkollektoren und Speichertechnik, haben uns einschl\u00e4gige Berufserfahrung eingebracht.<\/span><\/p>\n<p>&nbsp;<\/p>\n<\/div>\n\t\t<\/div><\/div><\/div><\/div>\n\n<div id=\"pl-gb27-6a07c7291d630\"  class=\"panel-layout\" ><div id=\"pg-gb27-6a07c7291d630-0\"  class=\"panel-grid panel-no-style\" ><div id=\"pgc-gb27-6a07c7291d630-0-0\"  class=\"panel-grid-cell\" ><div id=\"panel-gb27-6a07c7291d630-0-0-0\" class=\"so-panel widget widget_text panel-first-child panel-last-child\" data-index=\"0\" ><h3 class=\"widget-title\">Erneuerbare Energien<\/h3>\t\t\t<div class=\"textwidget\"><\/div>\n\t\t<\/div><\/div><div id=\"pgc-gb27-6a07c7291d630-0-1\"  class=\"panel-grid-cell\" ><div id=\"panel-gb27-6a07c7291d630-0-1-0\" class=\"so-panel widget widget_text panel-first-child panel-last-child\" data-index=\"1\" ><h3 class=\"widget-title\">Harmonische Konzepte und optimale Abstimmung<\/h3>\t\t\t<div class=\"textwidget\"><p>Besonderer Fokus liegt bei uns auf den erneuerbaren Energien und der sinnvollen Abstimmung von Geb\u00e4udeh\u00fclle und technischer Geb\u00e4udeausstattung (TGA) zueinander. Es soll weder viel Energie verbraucht noch verloren gehen. Gerade im Bereich Blockheizkraftwerke, Kraft- W\u00e4rme- K\u00e4lte- Kopplung und L\u00fcftungstechnik mit W\u00e4rmer\u00fcckgewinnung liegen unsere besonderen St\u00e4rken. Jahrelange und erfolgreiche T\u00e4tigkeiten in der Beratung, Planung und\u00a0Bauleitung hunderter Wohngeb\u00e4ude- und kleinerer Gewerbeprojekte best\u00e4tigen Ihnen gerne unsere zufriedenen Kunden. <a href=\"https:\/\/www.kemp-engineering.de\/?page_id=46\">Gerne senden wir Ihnen auf Anfrage Referenzen zu<\/a>.<\/p>\n<p>Mit Ausnahme denkmalgesch\u00fctzter Geb\u00e4ude, verf\u00fcgen wir im Bereich der Geb\u00e4udeenergieberatung und TGA- Planung \u00fcber alle g\u00e4ngigen Befugnisse, womit Sie auf unsere langj\u00e4hrige Erfahrung bauen k\u00f6nnen. <a href=\"https:\/\/www.kemp-engineering.de\/?page_id=46\"><strong>Wir freuen uns auf Ihre Kontaktaufnahme.<\/strong><\/a><\/p>\n<p>Sollten Sie unentschlossen sein, brauchen Sie sich keine Sorgen zu machen. <a href=\"https:\/\/www.kemp-engineering.de\/?page_id=347\">Die Erstberatung bei Ihnen vor Ort bieten wir Ihnen kostenlos an.<\/a>\u00a0Um eine gute Grundlage f\u00fcr Sie individuell zur Verf\u00fcgung zu stellen, <a href=\"https:\/\/www.kemp-engineering.de\/?page_id=46\">schreiben Sie uns doch gleich eine E- Mail<\/a>, damit wir uns vorab ein Bild machen und einige Details abfragen k\u00f6nnen, die f\u00fcr ein effizientes Beratungsgespr\u00e4ch notwendig sind.<\/p>\n<\/div>\n\t\t<\/div><\/div><\/div><\/div>","protected":false},"excerpt":{"rendered":"<p>TGA- Planung und Energieeffizienz Planung erneuerbarer Energien und Wasserstofftechnik Planung von Neubau- und Sanierungsprojekten Baubegleitung und Erstellung von KWK- K\u00e4lte- Klima- und L\u00fcftungskonzepten Geb\u00e4udeenergieberatung f\u00fcr Wohngeb\u00e4ude und Nichtwohngeb\u00e4ude DIN V 18599 Industriegutachten nach DIN EN 16247 &nbsp;<\/p>\n","protected":false},"author":1,"featured_media":0,"parent":0,"menu_order":0,"comment_status":"closed","ping_status":"closed","template":"home-panels.php","meta":[],"_links":{"self":[{"href":"https:\/\/www.kemp-engineering.de\/index.php?rest_route=\/wp\/v2\/pages\/27"}],"collection":[{"href":"https:\/\/www.kemp-engineering.de\/index.php?rest_route=\/wp\/v2\/pages"}],"about":[{"href":"https:\/\/www.kemp-engineering.de\/index.php?rest_route=\/wp\/v2\/types\/page"}],"author":[{"embeddable":true,"href":"https:\/\/www.kemp-engineering.de\/index.php?rest_route=\/wp\/v2\/users\/1"}],"replies":[{"embeddable":true,"href":"https:\/\/www.kemp-engineering.de\/index.php?rest_route=%2Fwp%2Fv2%2Fcomments&post=27"}],"version-history":[{"count":35,"href":"https:\/\/www.kemp-engineering.de\/index.php?rest_route=\/wp\/v2\/pages\/27\/revisions"}],"predecessor-version":[{"id":460,"href":"https:\/\/www.kemp-engineering.de\/index.php?rest_route=\/wp\/v2\/pages\/27\/revisions\/460"}],"wp:attachment":[{"href":"https:\/\/www.kemp-engineering.de\/index.php?rest_route=%2Fwp%2Fv2%2Fmedia&parent=27"}],"curies":[{"name":"wp","href":"https:\/\/api.w.org\/{rel}","templated":true}]}}