{"id":175,"date":"2020-10-05T14:01:24","date_gmt":"2020-10-05T12:01:24","guid":{"rendered":"http:\/\/www.kemp-engineering.de\/?page_id=175"},"modified":"2020-10-24T16:53:31","modified_gmt":"2020-10-24T14:53:31","slug":"ueber-uns","status":"publish","type":"page","link":"https:\/\/www.kemp-engineering.de\/?page_id=175","title":{"rendered":"\u00dcber uns"},"content":{"rendered":"<div id=\"pl-175\"  class=\"panel-layout\" ><div id=\"pg-175-0\"  class=\"panel-grid panel-no-style\" ><div id=\"pgc-175-0-0\"  class=\"panel-grid-cell\" ><div id=\"panel-175-0-0-0\" class=\"so-panel widget widget_text panel-first-child panel-last-child\" data-index=\"0\" >\t\t\t<div class=\"textwidget\"><p><em>Sehr geehrte Leserinnen und Leser, Bauherrinnen und Bauherren,<\/em><\/p>\n<p>Energiemanagement mit dem Schwerpunkt erneuerbare Energien habe ich aus Leidenschaft studiert. Das Diplom zum Maschinenbauingenieur bringt zudem eine andere Grundlage und Herangehensweise f\u00fcr meine Projekte mit, \u00fcber die eventuell ein Architekt oder Bauingenieur nicht verf\u00fcgt. Gerade bei der modernen Heizungs-, L\u00fcftungs- und Klimatechnik ist das Zusammenspiel der Anlagenteile entscheidend, womit ein solides Konzept der \u201ebeweglichen Teile\u201c im sehr guten Zusammenspiel mit den Kollegen von der Baustruktur unumg\u00e4nglich ist.<\/p>\n<p>Ein Bauvorhaben ist dabei nicht wie das Andere und gerade wenn es an gr\u00f6\u00dfere Projekte wie Gewerbegeb\u00e4ude oder Industriehallen geht, m\u00fcssen teilweise historisch gewachsene Bau- und Anlagenstrukturen und Produktionsprozesse in ihrer Qualit\u00e4t und zeitlichen Abfolge ber\u00fccksichtigt werden. Mit sinnvollen Bauabschnitten und ad\u00e4quaten Kosten geplante Umbauten sorgen f\u00fcr den ungest\u00f6rten Ablauf aller Gesch\u00e4ftsprozesse, so denn sie mit allen Gewerken sauber abgestimmt sind.<\/p>\n<p>Wir erarbeiten zusammen mit Ihnen ein abgestimmtes Konzept auf Grundlage Ihrer W\u00fcnsche, wobei Ihr Projekt in Verbindung mit staatlichen Zusch\u00fcssen und Anforderungen weder an Hersteller, noch an Handwerker gebunden ist. Durch die somit gegebene Freiheit auf markt\u00fcbergreifende und aufeinander perfekt abgestimmte Anlagentechnik diverser Hersteller zur\u00fcckgreifen zu k\u00f6nnen, ist es problemlos und sogar sehr gerne m\u00f6glich von vornherein den Heizungsbaumeister Ihres Vertrauens in die Planung mit einzubeziehen. Den zu Ihnen und Ihrem Projekt passenden Betrieb in der Region zu finden, auch dabei helfen wir Ihnen gerne.<\/p>\n<p>Zum bereits genannten besitzen wir langj\u00e4hrige Erfahrung in diversen Projekten aus Industrie, Gewerbe und B\u00fcrogeb\u00e4udebau bis hin zu ganzen Nahw\u00e4rmenetzen in St\u00e4dten und Gemeinden. Ehemalige Auftraggeber erteilen Ihnen gerne Auskunft \u00fcber \u00fcber die mit uns gemachten Erfahrungen. Sprechen Sie uns einfach an und wir nennen Ihnen gerne , im Einvernehmen mit geltenden Datenschutzrichtlinien und nach R\u00fccksprache, den richtigen Benchmark- Partner zu Ihrem Projektvorhaben. Die Praxis spricht f\u00fcr sich!<\/p>\n<p>Auf den Folgeseiten erfahren Sie mehr \u00fcber das Unternehmen und die damit verbundenen Serviceleistungen. <a href=\"https:\/\/www.kemp-engineering.de\/?page_id=46\">Ziehen Sie jedoch den pers\u00f6nlichen Kontakt vor, so bitten wir Sie sich direkt mit uns in Verbindung zu setzen.<\/a><\/p>\n<p><em>Ich freue mich auf eine solide und gute Zusammenarbeit,<\/em><\/p>\n<\/div>\n\t\t<\/div><\/div><div id=\"pgc-175-0-1\"  class=\"panel-grid-cell\" ><div id=\"panel-175-0-1-0\" class=\"so-panel widget widget_media_image panel-first-child panel-last-child\" data-index=\"1\" ><h3 class=\"widget-title\">Dipl.- Ing. M. Sc. Klaus Kemp<\/h3><img width=\"1512\" height=\"1717\" src=\"https:\/\/www.kemp-engineering.de\/wp-content\/uploads\/2020\/10\/Klaus.jpg\" class=\"image wp-image-517  attachment-full size-full\" alt=\"\" loading=\"lazy\" style=\"max-width: 100%; height: auto;\" srcset=\"https:\/\/www.kemp-engineering.de\/wp-content\/uploads\/2020\/10\/Klaus.jpg 1512w, https:\/\/www.kemp-engineering.de\/wp-content\/uploads\/2020\/10\/Klaus-264x300.jpg 264w, https:\/\/www.kemp-engineering.de\/wp-content\/uploads\/2020\/10\/Klaus-902x1024.jpg 902w, https:\/\/www.kemp-engineering.de\/wp-content\/uploads\/2020\/10\/Klaus-768x872.jpg 768w, https:\/\/www.kemp-engineering.de\/wp-content\/uploads\/2020\/10\/Klaus-1353x1536.jpg 1353w\" sizes=\"(max-width: 1512px) 100vw, 1512px\" \/><\/div><\/div><\/div><\/div>","protected":false},"excerpt":{"rendered":"<p>Sehr geehrte Leserinnen und Leser, Bauherrinnen und Bauherren, Energiemanagement mit dem Schwerpunkt erneuerbare Energien habe ich aus Leidenschaft studiert. Das Diplom zum Maschinenbauingenieur bringt zudem eine andere Grundlage und Herangehensweise f\u00fcr meine Projekte mit, \u00fcber die eventuell ein Architekt oder Bauingenieur nicht verf\u00fcgt. Gerade bei der modernen Heizungs-, L\u00fcftungs- und Klimatechnik ist das Zusammenspiel der [&hellip;]<\/p>\n","protected":false},"author":1,"featured_media":0,"parent":27,"menu_order":0,"comment_status":"closed","ping_status":"closed","template":"templates\/template-full.php","meta":[],"_links":{"self":[{"href":"https:\/\/www.kemp-engineering.de\/index.php?rest_route=\/wp\/v2\/pages\/175"}],"collection":[{"href":"https:\/\/www.kemp-engineering.de\/index.php?rest_route=\/wp\/v2\/pages"}],"about":[{"href":"https:\/\/www.kemp-engineering.de\/index.php?rest_route=\/wp\/v2\/types\/page"}],"author":[{"embeddable":true,"href":"https:\/\/www.kemp-engineering.de\/index.php?rest_route=\/wp\/v2\/users\/1"}],"replies":[{"embeddable":true,"href":"https:\/\/www.kemp-engineering.de\/index.php?rest_route=%2Fwp%2Fv2%2Fcomments&post=175"}],"version-history":[{"count":18,"href":"https:\/\/www.kemp-engineering.de\/index.php?rest_route=\/wp\/v2\/pages\/175\/revisions"}],"predecessor-version":[{"id":546,"href":"https:\/\/www.kemp-engineering.de\/index.php?rest_route=\/wp\/v2\/pages\/175\/revisions\/546"}],"up":[{"embeddable":true,"href":"https:\/\/www.kemp-engineering.de\/index.php?rest_route=\/wp\/v2\/pages\/27"}],"wp:attachment":[{"href":"https:\/\/www.kemp-engineering.de\/index.php?rest_route=%2Fwp%2Fv2%2Fmedia&parent=175"}],"curies":[{"name":"wp","href":"https:\/\/api.w.org\/{rel}","templated":true}]}}