{"id":118,"date":"2020-10-05T12:47:06","date_gmt":"2020-10-05T10:47:06","guid":{"rendered":"http:\/\/www.kemp-engineering.de\/?page_id=118"},"modified":"2020-10-22T09:11:15","modified_gmt":"2020-10-22T07:11:15","slug":"bedarf","status":"publish","type":"page","link":"https:\/\/www.kemp-engineering.de\/?page_id=118","title":{"rendered":"Ihr Bedarf"},"content":{"rendered":"<div id=\"pl-118\"  class=\"panel-layout\" ><div id=\"pg-118-0\"  class=\"panel-grid panel-no-style\" ><div id=\"pgc-118-0-0\"  class=\"panel-grid-cell\" ><div id=\"panel-118-0-0-0\" class=\"so-panel widget widget_text panel-first-child panel-last-child\" data-index=\"0\" ><h3 class=\"widget-title\">Wozu das alles!?<\/h3>\t\t\t<div class=\"textwidget\"><p>In Zeiten steigender Energiepreise und hohen Anforderungen an die Erneuerbarkeit wird die Effizienz immer wichtiger. Aber was das genau hei\u00dft, da streiten die \u201eExperten\u201c.<\/p>\n<p>Es gibt sehr viele Anbieter, die hohen Aufwand betreiben Ihre Produkte an den Mann (und die Frau) zu bringen, besonders bei den Herstellern \u2013 die Interessenlage ist klar. Leider fehlt dort meist der Blick nach Links und Rechts und auch als Kunde ist man besonders durch den Dschungel der Normung relativ schnell frustriert und genervt. Jeder der aktuell baut oder umbaut kennt dieses Gef\u00fchl der Ohnmacht gegen\u00fcber der sich st\u00e4ndig \u00e4ndernden Normen und Vorschriften.<\/p>\n<\/div>\n\t\t<\/div><\/div><div id=\"pgc-118-0-1\"  class=\"panel-grid-cell\" ><div id=\"panel-118-0-1-0\" class=\"so-panel widget widget_media_image panel-first-child panel-last-child\" data-index=\"1\" ><img width=\"300\" height=\"223\" src=\"https:\/\/www.kemp-engineering.de\/wp-content\/uploads\/2020\/10\/bitcoin-3091789_1920-300x223.jpg\" class=\"image wp-image-130  attachment-medium size-medium\" alt=\"\" loading=\"lazy\" style=\"max-width: 100%; height: auto;\" srcset=\"https:\/\/www.kemp-engineering.de\/wp-content\/uploads\/2020\/10\/bitcoin-3091789_1920-300x223.jpg 300w, https:\/\/www.kemp-engineering.de\/wp-content\/uploads\/2020\/10\/bitcoin-3091789_1920-1024x759.jpg 1024w, https:\/\/www.kemp-engineering.de\/wp-content\/uploads\/2020\/10\/bitcoin-3091789_1920-768x570.jpg 768w, https:\/\/www.kemp-engineering.de\/wp-content\/uploads\/2020\/10\/bitcoin-3091789_1920-1536x1139.jpg 1536w, https:\/\/www.kemp-engineering.de\/wp-content\/uploads\/2020\/10\/bitcoin-3091789_1920.jpg 1920w\" sizes=\"(max-width: 300px) 100vw, 300px\" \/><\/div><\/div><\/div><div id=\"pg-118-1\"  class=\"panel-grid panel-no-style\" ><div id=\"pgc-118-1-0\"  class=\"panel-grid-cell\" ><div id=\"panel-118-1-0-0\" class=\"so-panel widget widget_media_image panel-first-child panel-last-child\" data-index=\"2\" ><img width=\"300\" height=\"200\" src=\"https:\/\/www.kemp-engineering.de\/wp-content\/uploads\/2020\/10\/target-3535310_1920-300x200.jpg\" class=\"image wp-image-137  attachment-medium size-medium\" alt=\"\" loading=\"lazy\" style=\"max-width: 100%; height: auto;\" srcset=\"https:\/\/www.kemp-engineering.de\/wp-content\/uploads\/2020\/10\/target-3535310_1920-300x200.jpg 300w, https:\/\/www.kemp-engineering.de\/wp-content\/uploads\/2020\/10\/target-3535310_1920-1024x683.jpg 1024w, https:\/\/www.kemp-engineering.de\/wp-content\/uploads\/2020\/10\/target-3535310_1920-768x512.jpg 768w, https:\/\/www.kemp-engineering.de\/wp-content\/uploads\/2020\/10\/target-3535310_1920-1536x1024.jpg 1536w, https:\/\/www.kemp-engineering.de\/wp-content\/uploads\/2020\/10\/target-3535310_1920-272x182.jpg 272w, https:\/\/www.kemp-engineering.de\/wp-content\/uploads\/2020\/10\/target-3535310_1920.jpg 1920w\" sizes=\"(max-width: 300px) 100vw, 300px\" \/><\/div><\/div><div id=\"pgc-118-1-1\"  class=\"panel-grid-cell\" ><div id=\"panel-118-1-1-0\" class=\"so-panel widget widget_text panel-first-child panel-last-child\" data-index=\"3\" ><h3 class=\"widget-title\">Wirtschaftlichkeit<\/h3>\t\t\t<div class=\"textwidget\"><p>Wir haben uns deswegen den alten Ingenieurs- Leitsatz auf die Fahne geschrieben: \u201eSo viel wie n\u00f6tig, so wenig wie m\u00f6glich.\u201c \u2013 das bedeutet, das Ziel mit minimalem Aufwand und maximaler Effizienz zu erreichen \u2013 und unser Ziel ist dabei, dass Sie zufrieden sind, wenn wir Ihnen die beste Variante f\u00fcr Ihr vorhaben zum besten Preis zu realisieren geholfen haben.<\/p>\n<p>Denn zu definieren, wie viel denn n\u00f6tig ist, das ist die hohe Kunst des Anforderungsmanagements. Jede Stunde Zeit, die hier sinnvoll und systematisch vor Projektstart investiert wird, spart man an Nacharbeit, Frust, Streiterei und Kosten, laut der einschl\u00e4gigen Projektmanagementliteratur, im Faktor 30 wieder ein.<\/p>\n<\/div>\n\t\t<\/div><\/div><\/div><div id=\"pg-118-2\"  class=\"panel-grid panel-no-style\" ><div id=\"pgc-118-2-0\"  class=\"panel-grid-cell\" ><div id=\"panel-118-2-0-0\" class=\"so-panel widget widget_text panel-first-child panel-last-child\" data-index=\"4\" ><h3 class=\"widget-title\">Die clevere Investition<\/h3>\t\t\t<div class=\"textwidget\"><p>Zum Stichwort Dschungel f\u00e4llt noch auf, dass die Temperaturen immer weiter klettern und dies nicht nur bedeutet, dass wir die Erderw\u00e4rmung dringend eind\u00e4mmen m\u00fcssen, sondern auch dass im Sommer ein vern\u00fcnftiges W\u00e4rmeschutzkonzept genauso viel zur Behaglichkeit beitr\u00e4gt wie eine gute Heizung.<\/p>\n<p>Erreichen Sie dieses Ziel beispielsweise mit Hilfe einer W\u00e4rmepumpe in Verbindung mit einer abgestimmten L\u00fcftungs- und Photovoltaikanlage, die nicht nur sauberen Strom produziert und im Winter heizt, sondern auch im Sommer temperieren kann.<\/p>\n<\/div>\n\t\t<\/div><\/div><div id=\"pgc-118-2-1\"  class=\"panel-grid-cell\" ><div id=\"panel-118-2-1-0\" class=\"so-panel widget widget_media_image panel-first-child panel-last-child\" data-index=\"5\" ><img width=\"300\" height=\"200\" src=\"https:\/\/www.kemp-engineering.de\/wp-content\/uploads\/2020\/10\/climate-change-3836835_1920-300x200.jpg\" class=\"image wp-image-140  attachment-medium size-medium\" alt=\"\" loading=\"lazy\" style=\"max-width: 100%; height: auto;\" srcset=\"https:\/\/www.kemp-engineering.de\/wp-content\/uploads\/2020\/10\/climate-change-3836835_1920-300x200.jpg 300w, https:\/\/www.kemp-engineering.de\/wp-content\/uploads\/2020\/10\/climate-change-3836835_1920-1024x683.jpg 1024w, https:\/\/www.kemp-engineering.de\/wp-content\/uploads\/2020\/10\/climate-change-3836835_1920-768x512.jpg 768w, https:\/\/www.kemp-engineering.de\/wp-content\/uploads\/2020\/10\/climate-change-3836835_1920-1536x1024.jpg 1536w, https:\/\/www.kemp-engineering.de\/wp-content\/uploads\/2020\/10\/climate-change-3836835_1920-272x182.jpg 272w, https:\/\/www.kemp-engineering.de\/wp-content\/uploads\/2020\/10\/climate-change-3836835_1920.jpg 1920w\" sizes=\"(max-width: 300px) 100vw, 300px\" \/><\/div><\/div><\/div><div id=\"pg-118-3\"  class=\"panel-grid panel-no-style\" ><div id=\"pgc-118-3-0\"  class=\"panel-grid-cell\" ><div id=\"panel-118-3-0-0\" class=\"so-panel widget widget_sow-slider panel-first-child panel-last-child\" data-index=\"6\" ><div\n\t\t\t\n\t\t\tclass=\"so-widget-sow-slider so-widget-sow-slider-default-6d39609536fd-118\"\n\t\t\t\n\t\t>\t\t\t\t<div class=\"sow-slider-base\" style=\"display: none\" tabindex=\"0\">\n\t\t\t\t\t<ul\n\t\t\t\t\tclass=\"sow-slider-images\"\n\t\t\t\t\tdata-settings=\"{&quot;pagination&quot;:true,&quot;speed&quot;:800,&quot;timeout&quot;:8000,&quot;paused&quot;:false,&quot;pause_on_hover&quot;:false,&quot;swipe&quot;:true,&quot;nav_always_show_desktop&quot;:&quot;&quot;,&quot;nav_always_show_mobile&quot;:&quot;&quot;,&quot;breakpoint&quot;:&quot;780px&quot;,&quot;unmute&quot;:false,&quot;anchor&quot;:null}\"\n\t\t\t\t\t\t\t\t\t\tdata-anchor-id=\"\"\n\t\t\t\t>\t\t<li class=\"sow-slider-image\" style=\"visibility: visible;\" >\n\t\t\t\t\t\t<img width=\"1920\" height=\"800\" src=\"https:\/\/www.kemp-engineering.de\/wp-content\/uploads\/2020\/10\/industry-3087393_1920.jpg\" class=\"sow-slider-background-image\" alt=\"\" loading=\"lazy\" style=\"\" srcset=\"https:\/\/www.kemp-engineering.de\/wp-content\/uploads\/2020\/10\/industry-3087393_1920.jpg 1920w, https:\/\/www.kemp-engineering.de\/wp-content\/uploads\/2020\/10\/industry-3087393_1920-300x125.jpg 300w, https:\/\/www.kemp-engineering.de\/wp-content\/uploads\/2020\/10\/industry-3087393_1920-1024x427.jpg 1024w, https:\/\/www.kemp-engineering.de\/wp-content\/uploads\/2020\/10\/industry-3087393_1920-768x320.jpg 768w, https:\/\/www.kemp-engineering.de\/wp-content\/uploads\/2020\/10\/industry-3087393_1920-1536x640.jpg 1536w\" sizes=\"(max-width: 1920px) 100vw, 1920px\" \/>\t\t<\/li>\n\t\t\t\t<li class=\"sow-slider-image\" style=\"visibility: hidden;\" >\n\t\t\t\t\t\t<img width=\"1920\" height=\"800\" src=\"https:\/\/www.kemp-engineering.de\/wp-content\/uploads\/2020\/10\/businessman-3210932_1920.jpg\" class=\"sow-slider-background-image\" alt=\"\" loading=\"lazy\" style=\"\" srcset=\"https:\/\/www.kemp-engineering.de\/wp-content\/uploads\/2020\/10\/businessman-3210932_1920.jpg 1920w, https:\/\/www.kemp-engineering.de\/wp-content\/uploads\/2020\/10\/businessman-3210932_1920-300x125.jpg 300w, https:\/\/www.kemp-engineering.de\/wp-content\/uploads\/2020\/10\/businessman-3210932_1920-1024x427.jpg 1024w, https:\/\/www.kemp-engineering.de\/wp-content\/uploads\/2020\/10\/businessman-3210932_1920-768x320.jpg 768w, https:\/\/www.kemp-engineering.de\/wp-content\/uploads\/2020\/10\/businessman-3210932_1920-1536x640.jpg 1536w\" sizes=\"(max-width: 1920px) 100vw, 1920px\" \/>\t\t<\/li>\n\t\t<\/ul>\t\t\t\t<ol class=\"sow-slider-pagination\">\n\t\t\t\t\t\t\t\t\t\t\t<li><a href=\"#\" data-goto=\"0\" aria-label=\"Display slide 1\"><\/a><\/li>\n\t\t\t\t\t\t\t\t\t\t\t<li><a href=\"#\" data-goto=\"1\" aria-label=\"Display slide 2\"><\/a><\/li>\n\t\t\t\t\t\t\t\t\t<\/ol>\n\n\t\t\t\t<div class=\"sow-slide-nav sow-slide-nav-next\">\n\t\t\t\t\t<a href=\"#\" data-goto=\"next\" aria-label=\"Next slide\" data-action=\"next\">\n\t\t\t\t\t\t<em class=\"sow-sld-icon-thin-right\"><\/em>\n\t\t\t\t\t<\/a>\n\t\t\t\t<\/div>\n\n\t\t\t\t<div class=\"sow-slide-nav sow-slide-nav-prev\">\n\t\t\t\t\t<a href=\"#\" data-goto=\"previous\" aria-label=\"Previous slide\" data-action=\"prev\">\n\t\t\t\t\t\t<em class=\"sow-sld-icon-thin-left\"><\/em>\n\t\t\t\t\t<\/a>\n\t\t\t\t<\/div>\n\t\t\t\t<\/div><\/div><\/div><\/div><div id=\"pgc-118-3-1\"  class=\"panel-grid-cell\" ><div id=\"panel-118-3-1-0\" class=\"so-panel widget widget_text panel-first-child panel-last-child\" data-index=\"7\" ><h3 class=\"widget-title\">Ihre Investition&#8230;<\/h3>\t\t\t<div class=\"textwidget\"><p>Ein gutes Speichermanagement f\u00fcr den Winter, genauso wie ein Verschattungskonzept f\u00fcr den Sommer, schlie\u00dfen den Kreis, damit Ihr Geb\u00e4ude in Punkto Anlagentechnik und im Sinne der Energiewende eine runde Sache wird.<\/p>\n<p>Nicht umsonst gibt es f\u00fcr solche Geb\u00e4ude die maximale F\u00f6rderung von <a href=\"https:\/\/www.kfw.de\/kfw.de.html\"><strong>KfW<\/strong><\/a> und <a href=\"https:\/\/www.bafa.de\/DE\/Energie\/energie_node.html\"><strong>BAFA<\/strong><\/a>.<\/p>\n<p>Aspekte wie Barrierefreiheit, Schallschutz und Diebstahlsicherheit runden das Gesamtkonzept noch weiter ab.<\/p>\n<\/div>\n\t\t<\/div><\/div><\/div><div id=\"pg-118-4\"  class=\"panel-grid panel-no-style\" ><div id=\"pgc-118-4-0\"  class=\"panel-grid-cell\" ><div id=\"panel-118-4-0-0\" class=\"so-panel widget widget_text panel-first-child panel-last-child\" data-index=\"8\" ><h3 class=\"widget-title\">&#8230;ist Ihr Gewinn!<\/h3>\t\t\t<div class=\"textwidget\"><p>Den Zugewinn an Behaglichkeit kann man gar nicht in Worte fassen. Schauen Sie dazu am besten in einem unserer Referenzprojekte vorbei und \u00fcberzeugen sich selbst vor Ort.<\/p>\n<p>Automatisierte L\u00fcftungsanlagen, auf dem neuesten Stand der Technik, verteilen W\u00e4rme und K\u00e4lte optimal und sichern somit Ihr Geb\u00e4ude gegen Feuchtsch\u00e4den und Schimmel ab. Auch wenn Sie mal nicht zuhause sind, filtern diese Schmutz und Pollen und rechnen sich, wenn Sie gut geplant sind, \u00fcber die inzwischen sehr guten W\u00e4rmer\u00fcckgewinnungsfaktoren fast von selbst.<\/p>\n<\/div>\n\t\t<\/div><\/div><div id=\"pgc-118-4-1\"  class=\"panel-grid-cell\" ><div id=\"panel-118-4-1-0\" class=\"so-panel widget widget_media_image panel-first-child panel-last-child\" data-index=\"9\" ><img width=\"300\" height=\"200\" src=\"https:\/\/www.kemp-engineering.de\/wp-content\/uploads\/2020\/10\/warm-and-cozy-1975215_1920-300x200.jpg\" class=\"image wp-image-180  attachment-medium size-medium\" alt=\"\" loading=\"lazy\" style=\"max-width: 100%; height: auto;\" srcset=\"https:\/\/www.kemp-engineering.de\/wp-content\/uploads\/2020\/10\/warm-and-cozy-1975215_1920-300x200.jpg 300w, https:\/\/www.kemp-engineering.de\/wp-content\/uploads\/2020\/10\/warm-and-cozy-1975215_1920-1024x683.jpg 1024w, https:\/\/www.kemp-engineering.de\/wp-content\/uploads\/2020\/10\/warm-and-cozy-1975215_1920-768x512.jpg 768w, https:\/\/www.kemp-engineering.de\/wp-content\/uploads\/2020\/10\/warm-and-cozy-1975215_1920-1536x1024.jpg 1536w, https:\/\/www.kemp-engineering.de\/wp-content\/uploads\/2020\/10\/warm-and-cozy-1975215_1920-272x182.jpg 272w, https:\/\/www.kemp-engineering.de\/wp-content\/uploads\/2020\/10\/warm-and-cozy-1975215_1920.jpg 1920w\" sizes=\"(max-width: 300px) 100vw, 300px\" \/><\/div><\/div><\/div><div id=\"pg-118-5\"  class=\"panel-grid panel-no-style\" ><div id=\"pgc-118-5-0\"  class=\"panel-grid-cell\" ><div id=\"panel-118-5-0-0\" class=\"so-panel widget widget_sow-slider panel-first-child\" data-index=\"10\" ><div\n\t\t\t\n\t\t\tclass=\"so-widget-sow-slider so-widget-sow-slider-default-6d39609536fd-118\"\n\t\t\t\n\t\t>\t\t\t\t<div class=\"sow-slider-base\" style=\"display: none\" tabindex=\"0\">\n\t\t\t\t\t<ul\n\t\t\t\t\tclass=\"sow-slider-images\"\n\t\t\t\t\tdata-settings=\"{&quot;pagination&quot;:true,&quot;speed&quot;:800,&quot;timeout&quot;:8000,&quot;paused&quot;:false,&quot;pause_on_hover&quot;:false,&quot;swipe&quot;:true,&quot;nav_always_show_desktop&quot;:&quot;&quot;,&quot;nav_always_show_mobile&quot;:&quot;&quot;,&quot;breakpoint&quot;:&quot;780px&quot;,&quot;unmute&quot;:false,&quot;anchor&quot;:null}\"\n\t\t\t\t\t\t\t\t\t\tdata-anchor-id=\"\"\n\t\t\t\t>\t\t<li class=\"sow-slider-image\" style=\"visibility: visible;\" >\n\t\t\t\t\t\t<img width=\"1920\" height=\"1024\" src=\"https:\/\/www.kemp-engineering.de\/wp-content\/uploads\/2020\/10\/doors-1767559_1920.jpg\" class=\"sow-slider-background-image\" alt=\"\" loading=\"lazy\" style=\"\" srcset=\"https:\/\/www.kemp-engineering.de\/wp-content\/uploads\/2020\/10\/doors-1767559_1920.jpg 1920w, https:\/\/www.kemp-engineering.de\/wp-content\/uploads\/2020\/10\/doors-1767559_1920-300x160.jpg 300w, https:\/\/www.kemp-engineering.de\/wp-content\/uploads\/2020\/10\/doors-1767559_1920-1024x546.jpg 1024w, https:\/\/www.kemp-engineering.de\/wp-content\/uploads\/2020\/10\/doors-1767559_1920-768x410.jpg 768w, https:\/\/www.kemp-engineering.de\/wp-content\/uploads\/2020\/10\/doors-1767559_1920-1536x819.jpg 1536w\" sizes=\"(max-width: 1920px) 100vw, 1920px\" \/>\t\t<\/li>\n\t\t\t\t<li class=\"sow-slider-image\" style=\"visibility: hidden;\" >\n\t\t\t\t\t\t<img width=\"1920\" height=\"1024\" src=\"https:\/\/www.kemp-engineering.de\/wp-content\/uploads\/2020\/10\/doors-1767563_1920.jpg\" class=\"sow-slider-background-image\" alt=\"\" loading=\"lazy\" style=\"\" srcset=\"https:\/\/www.kemp-engineering.de\/wp-content\/uploads\/2020\/10\/doors-1767563_1920.jpg 1920w, https:\/\/www.kemp-engineering.de\/wp-content\/uploads\/2020\/10\/doors-1767563_1920-300x160.jpg 300w, https:\/\/www.kemp-engineering.de\/wp-content\/uploads\/2020\/10\/doors-1767563_1920-1024x546.jpg 1024w, https:\/\/www.kemp-engineering.de\/wp-content\/uploads\/2020\/10\/doors-1767563_1920-768x410.jpg 768w, https:\/\/www.kemp-engineering.de\/wp-content\/uploads\/2020\/10\/doors-1767563_1920-1536x819.jpg 1536w\" sizes=\"(max-width: 1920px) 100vw, 1920px\" \/>\t\t<\/li>\n\t\t<\/ul>\t\t\t\t<ol class=\"sow-slider-pagination\">\n\t\t\t\t\t\t\t\t\t\t\t<li><a href=\"#\" data-goto=\"0\" aria-label=\"Display slide 1\"><\/a><\/li>\n\t\t\t\t\t\t\t\t\t\t\t<li><a href=\"#\" data-goto=\"1\" aria-label=\"Display slide 2\"><\/a><\/li>\n\t\t\t\t\t\t\t\t\t<\/ol>\n\n\t\t\t\t<div class=\"sow-slide-nav sow-slide-nav-next\">\n\t\t\t\t\t<a href=\"#\" data-goto=\"next\" aria-label=\"Next slide\" data-action=\"next\">\n\t\t\t\t\t\t<em class=\"sow-sld-icon-thin-right\"><\/em>\n\t\t\t\t\t<\/a>\n\t\t\t\t<\/div>\n\n\t\t\t\t<div class=\"sow-slide-nav sow-slide-nav-prev\">\n\t\t\t\t\t<a href=\"#\" data-goto=\"previous\" aria-label=\"Previous slide\" data-action=\"prev\">\n\t\t\t\t\t\t<em class=\"sow-sld-icon-thin-left\"><\/em>\n\t\t\t\t\t<\/a>\n\t\t\t\t<\/div>\n\t\t\t\t<\/div><\/div><\/div><\/div><div id=\"pgc-118-5-1\"  class=\"panel-grid-cell\" ><div id=\"panel-118-5-1-0\" class=\"so-panel widget widget_text panel-first-child panel-last-child\" data-index=\"12\" ><h3 class=\"widget-title\">Ihre unverbindliche Erstberatung nach Ma\u00df<\/h3>\t\t\t<div class=\"textwidget\"><p>Sollten Sie eventuell schon in einem Projekt \u201efeststecken\u201c und sich denken, dass das Kind bereits in den Brunnen gefallen ist, werfen Sie schlechtem Geld kein gutes Geld hinterher, nur um irgendetwas fertigzubauen \u2013 <strong><a href=\"https:\/\/www.kemp-engineering.de\/?page_id=46\">melden Sie sich bei uns<\/a>!<\/strong><\/p>\n<p>Unser Erstberatungsgespr\u00e4ch ist <strong>unverbindlich<\/strong> und <strong>kostenlos<\/strong>! Wir haben auch schon bei schwieriger Projektlage noch gute und bezahlbare L\u00f6sungen erarbeiten k\u00f6nnen \u2013 auch dort bringen wir unsere Projekterfahrung in der Bauleitung optimal ein und stellen uns auch f\u00fcr Sie gerne mal dem rauheren Wind.<\/p>\n<\/div>\n\t\t<\/div><\/div><\/div><\/div>","protected":false},"excerpt":{"rendered":"<p>In Zeiten steigender Energiepreise und hohen Anforderungen an die Erneuerbarkeit wird die Effizienz immer wichtiger. Aber was das genau hei\u00dft, da streiten die \u201eExperten\u201c. Es gibt sehr viele Anbieter, die hohen Aufwand betreiben Ihre Produkte an den Mann (und die Frau) zu bringen, besonders bei den Herstellern \u2013 die Interessenlage ist klar. Leider fehlt dort [&hellip;]<\/p>\n","protected":false},"author":1,"featured_media":0,"parent":0,"menu_order":1,"comment_status":"closed","ping_status":"closed","template":"templates\/template-full.php","meta":[],"_links":{"self":[{"href":"https:\/\/www.kemp-engineering.de\/index.php?rest_route=\/wp\/v2\/pages\/118"}],"collection":[{"href":"https:\/\/www.kemp-engineering.de\/index.php?rest_route=\/wp\/v2\/pages"}],"about":[{"href":"https:\/\/www.kemp-engineering.de\/index.php?rest_route=\/wp\/v2\/types\/page"}],"author":[{"embeddable":true,"href":"https:\/\/www.kemp-engineering.de\/index.php?rest_route=\/wp\/v2\/users\/1"}],"replies":[{"embeddable":true,"href":"https:\/\/www.kemp-engineering.de\/index.php?rest_route=%2Fwp%2Fv2%2Fcomments&post=118"}],"version-history":[{"count":94,"href":"https:\/\/www.kemp-engineering.de\/index.php?rest_route=\/wp\/v2\/pages\/118\/revisions"}],"predecessor-version":[{"id":425,"href":"https:\/\/www.kemp-engineering.de\/index.php?rest_route=\/wp\/v2\/pages\/118\/revisions\/425"}],"wp:attachment":[{"href":"https:\/\/www.kemp-engineering.de\/index.php?rest_route=%2Fwp%2Fv2%2Fmedia&parent=118"}],"curies":[{"name":"wp","href":"https:\/\/api.w.org\/{rel}","templated":true}]}}